{"id":1088646,"date":"2025-02-20T16:20:57","date_gmt":"2025-02-20T16:20:57","guid":{"rendered":"https:\/\/asociatiamanna.ro\/?page_id=1088646"},"modified":"2025-02-20T17:04:18","modified_gmt":"2025-02-20T17:04:18","slug":"politica-utilizare-cookie-uri","status":"publish","type":"page","link":"https:\/\/asociatiamanna.ro\/en\/politica-utilizare-cookie-uri\/","title":{"rendered":"Politica utilizare Cookie-uri"},"content":{"rendered":"[et_pb_section fb_built=&#8221;1&#8243; admin_label=&#8221;section&#8221; _builder_version=&#8221;4.16&#8243; global_colors_info=&#8221;{}&#8221;][et_pb_row admin_label=&#8221;row&#8221; _builder_version=&#8221;4.16&#8243; background_size=&#8221;initial&#8221; background_position=&#8221;top_left&#8221; background_repeat=&#8221;repeat&#8221; global_colors_info=&#8221;{}&#8221;][et_pb_column type=&#8221;4_4&#8243; _builder_version=&#8221;4.16&#8243; custom_padding=&#8221;|||&#8221; global_colors_info=&#8221;{}&#8221; custom_padding__hover=&#8221;|||&#8221;][et_pb_text admin_label=&#8221;Text&#8221; _builder_version=&#8221;4.16&#8243; background_size=&#8221;initial&#8221; background_position=&#8221;top_left&#8221; background_repeat=&#8221;repeat&#8221; global_colors_info=&#8221;{}&#8221;]<p><\/p>\n<p>Pentru a oferi un serviciu personalizat Clien\u021bilor, asociatiamanna.ro poate folosi cookie-uri pentru a facilita stocarea \u0219i urm\u0103rirea preferin\u021belor clien\u021bilor.<\/p>\n<p>Spre exemplu, cookie-uri pentru a putea identifica Clientul \u0219i pentru a ii putea furniza informa\u021bii \u0219i servicii bazate pe preferin\u021bele exprimate \u00een vizitele anterioare ale acestuia. Totodata, eventuale alte re\u021bele de publicitate online pot folosi <br \/>cookie-uri pentru a putea adapta mesajele publicitare \u00een func\u021bie de preferin\u021bele Clientului.<\/p>\n<p>Cookie-urile sunt fi\u0219iere de tip text, oferite browserului Clientului de un server web \u0219i stocate apoi pe hard-discul computerului Clientului. Totu\u0219i, Clientul poate reseta browserul fie s\u0103 \u00eel anun\u021be ori de c\u00e2te ori prime\u0219te c\u00e2te un cookie, fie s\u0103 refuze chiar acceptarea cookie-urilor.<\/p>\n<p>De re\u021binut c\u0103 unele sectiuni ale site-ului nu vor putea fi vizualizate normal dac\u0103 Clientul a setat ca browserul acestuia s\u0103 resping\u0103 cookie-urile.\u00a0\u00a0<\/p>\n<p>Clientul este unicul responsabil pentru men\u021binerea secretului informa\u021biilor (parole, nume de utilizator, etc), legate de conturile pe care le-a dob\u00e2ndit ca urmare a folosirii serviciilor oferite de asociatiamanna.ro.<\/p>\n<p>Acest site folose\u0219te cookie-uri, iar pentru mai multe detalii pute\u021bi accesa link-ul\u00a0<a href=\"https:\/\/ro.wikipedia.org\/wiki\/Cookie\" target=\"_blank\" rel=\"noopener\"><strong>https:\/\/ro.wikipedia.org\/wiki\/Cookie<\/strong><\/a><\/p>\n<p>&nbsp;<\/p>\n<p><\/p>[\/et_pb_text][\/et_pb_column][\/et_pb_row][\/et_pb_section]","protected":false},"excerpt":{"rendered":"<p>Pentru a oferi un serviciu personalizat Clien\u021bilor, asociatiamanna.ro poate folosi cookie-uri pentru a facilita stocarea \u0219i urm\u0103rirea preferin\u021belor clien\u021bilor. Spre exemplu, cookie-uri pentru a putea identifica Clientul \u0219i pentru a ii putea furniza informa\u021bii \u0219i servicii bazate pe preferin\u021bele exprimate \u00een vizitele anterioare ale acestuia. Totodata, eventuale alte re\u021bele de publicitate online pot folosi cookie-uri pentru a putea adapta mesajele publicitare \u00een func\u021bie de preferin\u021bele Clientului. Cookie-urile sunt fi\u0219iere de tip text, oferite browserului Clientului de un server web \u0219i stocate apoi pe hard-discul computerului Clientului. Totu\u0219i, Clientul poate reseta browserul fie s\u0103 \u00eel anun\u021be ori de c\u00e2te ori prime\u0219te c\u00e2te un cookie, fie s\u0103 refuze chiar acceptarea cookie-urilor. De re\u021binut c\u0103 unele sectiuni ale site-ului nu vor putea fi vizualizate normal dac\u0103 Clientul a setat ca browserul acestuia s\u0103 resping\u0103 cookie-urile.\u00a0\u00a0 Clientul este unicul responsabil pentru men\u021binerea secretului informa\u021biilor (parole, nume de utilizator, etc), legate de conturile pe care le-a dob\u00e2ndit ca urmare a folosirii serviciilor oferite de asociatiamanna.ro. Acest site folose\u0219te cookie-uri, iar pentru mai multe detalii pute\u021bi accesa link-ul\u00a0https:\/\/ro.wikipedia.org\/wiki\/Cookie &nbsp;<\/p>","protected":false},"author":1,"featured_media":0,"parent":0,"menu_order":0,"comment_status":"closed","ping_status":"closed","template":"","meta":{"_et_pb_use_builder":"on","_et_pb_old_content":"<!-- wp:paragraph -->\n<p><b>This is a sample page.<\/b><\/p>\n<!-- \/wp:paragraph -->\n\n<!-- wp:heading -->\n<h2 class=\"wp-block-heading\">Overview<\/h2>\n<!-- \/wp:heading -->\n\n<!-- wp:paragraph -->\n<p>Our refund and returns policy lasts 30 days. If 30 days have passed since your purchase, we can\u2019t offer you a full refund or exchange.<\/p>\n<!-- \/wp:paragraph -->\n\n<!-- wp:paragraph -->\n<p>To be eligible for a return, your item must be unused and in the same condition that you received it. It must also be in the original packaging.<\/p>\n<!-- \/wp:paragraph -->\n\n<!-- wp:paragraph -->\n<p>Several types of goods are exempt from being returned. Perishable goods such as food, flowers, newspapers or magazines cannot be returned. We also do not accept products that are intimate or sanitary goods, hazardous materials, or flammable liquids or gases.<\/p>\n<!-- \/wp:paragraph -->\n\n<!-- wp:paragraph -->\n<p>Additional non-returnable items:<\/p>\n<!-- \/wp:paragraph -->\n\n<!-- wp:list -->\n<ul>\n<li>Gift cards<\/li>\n<li>Downloadable software products<\/li>\n<li>Some health and personal care items<\/li>\n<\/ul>\n<!-- \/wp:list -->\n\n<!-- wp:paragraph -->\n<p>To complete your return, we require a receipt or proof of purchase.<\/p>\n<!-- \/wp:paragraph -->\n\n<!-- wp:paragraph -->\n<p>Please do not send your purchase back to the manufacturer.<\/p>\n<!-- \/wp:paragraph -->\n\n<!-- wp:paragraph -->\n<p>There are certain situations where only partial refunds are granted:<\/p>\n<!-- \/wp:paragraph -->\n\n<!-- wp:list -->\n<ul>\n<li>Book with obvious signs of use<\/li>\n<li>CD, DVD, VHS tape, software, video game, cassette tape, or vinyl record that has been opened.<\/li>\n<li>Any item not in its original condition, is damaged or missing parts for reasons not due to our error.<\/li>\n<li>Any item that is returned more than 30 days after delivery<\/li>\n<\/ul>\n<!-- \/wp:list -->\n\n<!-- wp:heading -->\n<h2 class=\"wp-block-heading\">Refunds<\/h2>\n<!-- \/wp:heading -->\n\n<!-- wp:paragraph -->\n<p>Once your return is received and inspected, we will send you an email to notify you that we have received your returned item. We will also notify you of the approval or rejection of your refund.<\/p>\n<!-- \/wp:paragraph -->\n\n<!-- wp:paragraph -->\n<p>If you are approved, then your refund will be processed, and a credit will automatically be applied to your credit card or original method of payment, within a certain amount of days.<\/p>\n<!-- \/wp:paragraph -->\n\n<!-- wp:heading -->\n<h3 class=\"wp-block-heading\">Late or missing refunds<\/h3>\n<!-- \/wp:heading -->\n\n<!-- wp:paragraph -->\n<p>If you haven\u2019t received a refund yet, first check your bank account again.<\/p>\n<!-- \/wp:paragraph -->\n\n<!-- wp:paragraph -->\n<p>Then contact your credit card company, it may take some time before your refund is officially posted.<\/p>\n<!-- \/wp:paragraph -->\n\n<!-- wp:paragraph -->\n<p>Next contact your bank. There is often some processing time before a refund is posted.<\/p>\n<!-- \/wp:paragraph -->\n\n<!-- wp:paragraph -->\n<p>If you\u2019ve done all of this and you still have not received your refund yet, please contact us at {email address}.<\/p>\n<!-- \/wp:paragraph -->\n\n<!-- wp:heading -->\n<h3 class=\"wp-block-heading\">Sale items<\/h3>\n<!-- \/wp:heading -->\n\n<!-- wp:paragraph -->\n<p>Only regular priced items may be refunded. Sale items cannot be refunded.<\/p>\n<!-- \/wp:paragraph -->\n\n<!-- wp:heading -->\n<h2 class=\"wp-block-heading\">Exchanges<\/h2>\n<!-- \/wp:heading -->\n\n<!-- wp:paragraph -->\n<p>We only replace items if they are defective or damaged. If you need to exchange it for the same item, send us an email at {email address} and send your item to: {physical address}.<\/p>\n<!-- \/wp:paragraph -->\n\n<!-- wp:heading -->\n<h2 class=\"wp-block-heading\">Gifts<\/h2>\n<!-- \/wp:heading -->\n\n<!-- wp:paragraph -->\n<p>If the item was marked as a gift when purchased and shipped directly to you, you\u2019ll receive a gift credit for the value of your return. Once the returned item is received, a gift certificate will be mailed to you.<\/p>\n<!-- \/wp:paragraph -->\n\n<!-- wp:paragraph -->\n<p>If the item wasn\u2019t marked as a gift when purchased, or the gift giver had the order shipped to themselves to give to you later, we will send a refund to the gift giver and they will find out about your return.<\/p>\n<!-- \/wp:paragraph -->\n\n<!-- wp:heading -->\n<h2 class=\"wp-block-heading\">Shipping returns<\/h2>\n<!-- \/wp:heading -->\n\n<!-- wp:paragraph -->\n<p>To return your product, you should mail your product to: {physical address}.<\/p>\n<!-- \/wp:paragraph -->\n\n<!-- wp:paragraph -->\n<p>You will be responsible for paying for your own shipping costs for returning your item. Shipping costs are non-refundable. If you receive a refund, the cost of return shipping will be deducted from your refund.<\/p>\n<!-- \/wp:paragraph -->\n\n<!-- wp:paragraph -->\n<p>Depending on where you live, the time it may take for your exchanged product to reach you may vary.<\/p>\n<!-- \/wp:paragraph -->\n\n<!-- wp:paragraph -->\n<p>If you are returning more expensive items, you may consider using a trackable shipping service or purchasing shipping insurance. We don\u2019t guarantee that we will receive your returned item.<\/p>\n<!-- \/wp:paragraph -->\n\n<!-- wp:heading -->\n<h2 class=\"wp-block-heading\">Need help?<\/h2>\n<!-- \/wp:heading -->\n\n<!-- wp:paragraph -->\n<p>Contact us at {email} for questions related to refunds and returns.<\/p>\n<!-- \/wp:paragraph -->","_et_gb_content_width":"","footnotes":""},"class_list":["post-1088646","page","type-page","status-publish","hentry"],"_links":{"self":[{"href":"https:\/\/asociatiamanna.ro\/en\/wp-json\/wp\/v2\/pages\/1088646","targetHints":{"allow":["GET"]}}],"collection":[{"href":"https:\/\/asociatiamanna.ro\/en\/wp-json\/wp\/v2\/pages"}],"about":[{"href":"https:\/\/asociatiamanna.ro\/en\/wp-json\/wp\/v2\/types\/page"}],"author":[{"embeddable":true,"href":"https:\/\/asociatiamanna.ro\/en\/wp-json\/wp\/v2\/users\/1"}],"replies":[{"embeddable":true,"href":"https:\/\/asociatiamanna.ro\/en\/wp-json\/wp\/v2\/comments?post=1088646"}],"version-history":[{"count":3,"href":"https:\/\/asociatiamanna.ro\/en\/wp-json\/wp\/v2\/pages\/1088646\/revisions"}],"predecessor-version":[{"id":1088663,"href":"https:\/\/asociatiamanna.ro\/en\/wp-json\/wp\/v2\/pages\/1088646\/revisions\/1088663"}],"wp:attachment":[{"href":"https:\/\/asociatiamanna.ro\/en\/wp-json\/wp\/v2\/media?parent=1088646"}],"curies":[{"name":"wp","href":"https:\/\/api.w.org\/{rel}","templated":true}]}}