{"id":71417,"date":"2025-02-09T15:37:36","date_gmt":"2025-02-09T15:37:36","guid":{"rendered":"https:\/\/asociatiamanna.ro\/?page_id=71417"},"modified":"2025-02-19T10:57:34","modified_gmt":"2025-02-19T10:57:34","slug":"naomi-school","status":"publish","type":"page","link":"https:\/\/asociatiamanna.ro\/en\/scoala-naomi\/","title":{"rendered":"NAOMI SCHOOL"},"content":{"rendered":"<p>[et_pb_section fb_built=&#8221;1&#8243; _builder_version=&#8221;4.27.4&#8243; background_color=&#8221;#297FCA&#8221; background_image=&#8221;https:\/\/asociatiamanna.ro\/wp-content\/uploads\/2025\/02\/Rising-Banners-Joy-16&#215;9-1.jpg&#8221; min_height=&#8221;138.6px&#8221; custom_margin=&#8221;||0px||false|false&#8221; custom_padding=&#8221;2px||0px|||&#8221; saved_tabs=&#8221;all&#8221; global_colors_info=&#8221;{}&#8221;][et_pb_row _builder_version=&#8221;4.27.4&#8243; custom_margin=&#8221;10px|auto||auto|false|false&#8221; global_colors_info=&#8221;{}&#8221;][et_pb_column type=&#8221;4_4&#8243; _builder_version=&#8221;4.27.4&#8243; custom_padding=&#8221;|||&#8221; global_colors_info=&#8221;{}&#8221; custom_padding__hover=&#8221;|||&#8221;][et_pb_post_title meta=&#8221;off&#8221; featured_image=&#8221;off&#8221; _builder_version=&#8221;4.27.4&#8243; title_font=&#8221;Marcellus||||||||&#8221; title_text_align=&#8221;left&#8221; title_text_color=&#8221;#ffffff&#8221; title_font_size=&#8221;27px&#8221; custom_margin=&#8221;10px||||false|false&#8221; global_colors_info=&#8221;{}&#8221;][\/et_pb_post_title][\/et_pb_column][\/et_pb_row][\/et_pb_section][et_pb_section fb_built=&#8221;1&#8243; _builder_version=&#8221;4.27.4&#8243; background_color=&#8221;#FFFFFF&#8221; custom_padding=&#8221;60px||60px||true|false&#8221; global_colors_info=&#8221;{}&#8221;][et_pb_row use_custom_gutter=&#8221;on&#8221; gutter_width=&#8221;2&#8243; make_equal=&#8221;on&#8221; _builder_version=&#8221;4.16&#8243; global_colors_info=&#8221;{}&#8221;][et_pb_column type=&#8221;4_4&#8243; _builder_version=&#8221;4.16&#8243; global_colors_info=&#8221;{}&#8221;][et_pb_text _builder_version=&#8221;4.27.4&#8243; header_font=&#8221;Gideon Roman|700|||||||&#8221; header_text_align=&#8221;center&#8221; header_text_color=&#8221;#578e87&#8243; header_letter_spacing=&#8221;1px&#8221; header_line_height=&#8221;1.4em&#8221; max_width=&#8221;500px&#8221; module_alignment=&#8221;center&#8221; custom_padding=&#8221;40px||29px||false|false&#8221; header_font_size_tablet=&#8221;&#8221; header_font_size_phone=&#8221;25px&#8221; header_font_size_last_edited=&#8221;on|desktop&#8221; border_width_all=&#8221;4px&#8221; border_color_all=&#8221;#578e87&#8243; global_colors_info=&#8221;{}&#8221;]<\/p>\n<h1>\u0218COALA NAOMI <\/h1>\n<p>[\/et_pb_text][et_pb_text _builder_version=&#8221;4.27.4&#8243; header_font=&#8221;Gideon Roman|700|||||||&#8221; header_text_align=&#8221;center&#8221; header_text_color=&#8221;#ffffff&#8221; header_font_size=&#8221;24px&#8221; background_color=&#8221;#578e87&#8243; max_width=&#8221;500px&#8221; module_alignment=&#8221;center&#8221; custom_margin=&#8221;-21px||||false|false&#8221; custom_margin_tablet=&#8221;-34px||||false|false&#8221; custom_margin_phone=&#8221;-34px||||false|false&#8221; custom_margin_last_edited=&#8221;on|desktop&#8221; custom_padding=&#8221;22px||13px||false|false&#8221; header_font_size_tablet=&#8221;&#8221; header_font_size_phone=&#8221;16px&#8221; header_font_size_last_edited=&#8221;on|desktop&#8221; border_color_all=&#8221;#383838&#8243; global_colors_info=&#8221;{}&#8221;]<\/p>\n<h1>A Doua Lucrare<\/h1>\n<p>[\/et_pb_text][et_pb_text _builder_version=&#8221;4.27.4&#8243; _module_preset=&#8221;default&#8221; text_font=&#8221;DM Sans||||||||&#8221; text_line_height=&#8221;1.4em&#8221; header_2_font=&#8221;Jost|600|||||||&#8221; header_2_text_align=&#8221;center&#8221; header_2_text_color=&#8221;#293043&#8243; header_2_font_size=&#8221;47px&#8221; header_2_letter_spacing=&#8221;-1px&#8221; header_2_line_height=&#8221;1.2em&#8221; text_orientation=&#8221;center&#8221; custom_margin=&#8221;0px||0px||false|false&#8221; custom_padding=&#8221;30px||0px||false|false&#8221; header_2_font_size_tablet=&#8221;47px&#8221; header_2_font_size_phone=&#8221;30px&#8221; header_2_font_size_last_edited=&#8221;on|phone&#8221; global_colors_info=&#8221;{}&#8221;]<\/p>\n<p>Se adreseaz\u0103 tuturor femeilor, indiferent de statutul social, de v\u00e2rst\u0103 sau religie. Dac\u0103 e\u0219ti domni\u0219oar\u0103, so\u021bie, mam\u0103 sau bunic\u0103 \u0219i te preocup\u0103 dorin\u021ba de a-L sluji eficient pe Dumnezeu \u00een casa ta, conform versetului : <em>\u201cFemeia \u00een\u021belept\u0103 \u00ee\u0219i zide\u0219te casa, dar nechibzuita, o d\u0103r\u00e2m\u0103 cu m\u00e2inile ei.\u201d (Proverbe 14:1 BTF2015) <\/em>&#8211; \u201e\u0218coala Naomi\u201d este locul unde te po\u021bi \u00eent\u00e2lni cu visul lui Dumnezeu pentru tine, \u0219i anume: acela de a fi inima casei tale.<\/p>\n<p>[\/et_pb_text][\/et_pb_column][\/et_pb_row][\/et_pb_section][et_pb_section fb_built=&#8221;1&#8243; _builder_version=&#8221;4.27.4&#8243; background_color=&#8221;#f7f9fd&#8221; custom_padding=&#8221;80px|0px|80px|0px|true|false&#8221; hover_enabled=&#8221;0&#8243; global_colors_info=&#8221;{}&#8221; custom_padding_last_edited=&#8221;on|phone&#8221; sticky_enabled=&#8221;0&#8243; custom_padding_tablet=&#8221;60px||60px||true|false&#8221; custom_padding_phone=&#8221;60px||60px||true|false&#8221;][et_pb_row column_structure=&#8221;1_3,2_3&#8243; _builder_version=&#8221;4.16&#8243; global_colors_info=&#8221;{}&#8221;][et_pb_column type=&#8221;1_3&#8243; _builder_version=&#8221;4.16&#8243; custom_padding=&#8221;|||&#8221; global_colors_info=&#8221;{}&#8221; custom_padding__hover=&#8221;|||&#8221;][et_pb_text _builder_version=&#8221;4.27.4&#8243; text_font=&#8221;&#8211;et_global_body_font||||||||&#8221; text_text_color=&#8221;#666666&#8243; text_line_height=&#8221;1.4em&#8221; header_font=&#8221;Gideon Roman|700|||||||&#8221; header_text_color=&#8221;#578e87&#8243; header_letter_spacing=&#8221;1px&#8221; header_line_height=&#8221;1.4em&#8221; global_colors_info=&#8221;{}&#8221;]<\/p>\n<h1>\u0218COALA NAOMI <\/h1>\n<p>Dumnezeu se va \u00eent\u00e2lni cu tine \u00een Cuv\u00e2nt, indiferent dac\u0103 mintea ta va pricepe sau nu Adev\u0103rul ve\u0219nic cuprins\u00a0\u00een\u00a0Cuv\u00e2nt.[\/et_pb_text][\/et_pb_column][et_pb_column type=&#8221;2_3&#8243; _builder_version=&#8221;4.16&#8243; custom_padding=&#8221;|||&#8221; global_colors_info=&#8221;{}&#8221; custom_padding__hover=&#8221;|||&#8221;][et_pb_text _builder_version=&#8221;4.27.4&#8243; text_font=&#8221;&#8211;et_global_body_font||||||||&#8221; text_text_color=&#8221;#666666&#8243; text_line_height=&#8221;1.4em&#8221; header_font=&#8221;Gideon Roman|700|||||||&#8221; header_text_color=&#8221;#578e87&#8243; header_font_size=&#8221;18px&#8221; header_letter_spacing=&#8221;1px&#8221; header_line_height=&#8221;1.4em&#8221; global_colors_info=&#8221;{}&#8221;]<\/p>\n<h1>VIZIUNEA<\/h1>\n<p>O genera\u021bie de femei con\u0219tiente c\u0103 rolul de <em>&#8221; inim\u0103 a casei&#8221;<\/em> poate schimba lumea, atunci c\u00e2nd ele sunt conectate la Dumnezeu ca surs\u0103 \u0219i resurs\u0103.<\/p>\n<p>[\/et_pb_text][et_pb_text _builder_version=&#8221;4.27.4&#8243; text_font=&#8221;&#8211;et_global_body_font||||||||&#8221; text_text_color=&#8221;#666666&#8243; text_line_height=&#8221;1.4em&#8221; header_font=&#8221;Gideon Roman|700|||||||&#8221; header_text_color=&#8221;#578e87&#8243; header_font_size=&#8221;18px&#8221; header_letter_spacing=&#8221;1px&#8221; header_line_height=&#8221;1.4em&#8221; global_colors_info=&#8221;{}&#8221;]<\/p>\n<h1>MISIUNEA<\/h1>\n<p>Echiparea femeilor prin crearea unui context \u00een care s\u0103 fie puse fa\u021b\u0103 \u00een fa\u021b\u0103 cu studierea Cuv\u00e2ntului lui Dumnezeu, cu sesiuni practice \u0219i consiliere cre\u0219tin\u0103.[\/et_pb_text][et_pb_text _builder_version=&#8221;4.27.4&#8243; text_font=&#8221;&#8211;et_global_body_font||||||||&#8221; text_text_color=&#8221;#666666&#8243; text_line_height=&#8221;1.4em&#8221; header_font=&#8221;Gideon Roman|700|||||||&#8221; header_text_color=&#8221;#578e87&#8243; header_font_size=&#8221;18px&#8221; header_letter_spacing=&#8221;1px&#8221; header_line_height=&#8221;1.4em&#8221; global_colors_info=&#8221;{}&#8221;]<\/p>\n<h1>STRATEGIA<\/h1>\n<p>Programul <em>\u201c\u0218colii Naomi\u201d<\/em> se structureaz\u0103 pe 6 module cu \u00eent\u00e2lniri fizice bianuale, prim\u0103vara \u0219i toamna a c\u00e2te 4 zile fiecare, abord\u00e2nd trei teme majore de \u00eenv\u0103\u021b\u0103tur\u0103 care sunt \u0219i pilonii \u0219colii, fiecare tem\u0103 fiind sudiat\u0103 progresiv \u00een dou\u0103 module diferite:<\/p>\n<p><em><strong>1. Femeia creat\u0103 de Dumnezeu cu o menire special\u0103<\/strong><\/em><br \/>\n&#8211; menirea de a se ruga pentru casa ei;<\/p>\n<p><em><strong>2. Femeia creat\u0103 de Dumnezeu cu o menire special\u0103<\/strong><\/em><br \/>\n&#8211; menirea de a sluji \u00een casa ei;<\/p>\n<p><em><strong>3. Femeia creat\u0103 de Dumnezeu cu o menire special\u0103<\/strong><\/em><br \/>\n&#8211; menirea de a manifesta iubirea \u00een casa ei;[\/et_pb_text][\/et_pb_column][\/et_pb_row][et_pb_row _builder_version=&#8221;4.27.4&#8243; _module_preset=&#8221;default&#8221; hover_enabled=&#8221;0&#8243; global_colors_info=&#8221;{}&#8221; sticky_enabled=&#8221;0&#8243;][et_pb_column type=&#8221;4_4&#8243; _builder_version=&#8221;4.27.4&#8243; _module_preset=&#8221;default&#8221; global_colors_info=&#8221;{}&#8221;][et_pb_text _builder_version=&#8221;4.27.4&#8243; _module_preset=&#8221;default&#8221; text_font=&#8221;DM Sans||||||||&#8221; text_line_height=&#8221;1.4em&#8221; header_2_font=&#8221;Jost|600|||||||&#8221; header_2_text_align=&#8221;center&#8221; header_2_text_color=&#8221;#293043&#8243; header_2_font_size=&#8221;47px&#8221; header_2_letter_spacing=&#8221;-1px&#8221; header_2_line_height=&#8221;1.2em&#8221; text_orientation=&#8221;center&#8221; custom_margin=&#8221;||0px||false|false&#8221; custom_padding=&#8221;30px||0px||false|false&#8221; hover_enabled=&#8221;0&#8243; header_2_font_size_tablet=&#8221;47px&#8221; header_2_font_size_phone=&#8221;30px&#8221; header_2_font_size_last_edited=&#8221;on|phone&#8221; global_colors_info=&#8221;{}&#8221; custom_padding_last_edited=&#8221;on|tablet&#8221; sticky_enabled=&#8221;0&#8243; custom_padding_tablet=&#8221;0px||||false|false&#8221; custom_margin_last_edited=&#8221;on|desktop&#8221; custom_margin_tablet=&#8221;-20px||0px||false|false&#8221; custom_padding_phone=&#8221;0px||||false|false&#8221; custom_margin_phone=&#8221;-20px||0px||false|false&#8221;]<\/p>\n<p>Aici, oameni a lui Dumnezeu ne vor \u00eenv\u0103\u021ba cum s\u0103 ne conect\u0103m la Cuv\u00e2ntul Lui ca surs\u0103 pentru via\u021ba noastr\u0103 \u00een cadrul seminariilor teoretice, iar mai apoi vom transpune \u00een practic\u0103 tot ce am \u00eenv\u0103\u021ba teoretic, f\u0103c\u00e2nd Cuv\u00e2ntul resurs\u0103 pentru via\u021ba noastr\u0103 \u00een cadrul atelierelor de lucru. Pe toat\u0103 perioada modulelor vom beneficia de suport individualizat din partea echipei de consilieri cre\u0219tini din cadrul \u0219colii. Astfel vom \u00eenv\u0103\u021ba c\u0103 putem avea o via\u021b\u0103 plin\u0103 de sens \u0219i bucurie \u00een cadrul familiei \u0219i c\u0103 ac\u021biunile \u0219i atitudinea noastr\u0103 pot schimba admosfera din interiorul casei noastre mai apoi, familia noastr\u0103 poate face diferen\u021ba \u00een biseric\u0103 \u0219i societate.<\/p>\n<p>[\/et_pb_text][\/et_pb_column][\/et_pb_row][\/et_pb_section][et_pb_section fb_built=&#8221;1&#8243; _builder_version=&#8221;4.27.4&#8243; _module_preset=&#8221;default&#8221; global_colors_info=&#8221;{}&#8221;][et_pb_row column_structure=&#8221;1_3,1_3,1_3&#8243; use_custom_gutter=&#8221;on&#8221; gutter_width=&#8221;2&#8243; _builder_version=&#8221;4.16&#8243; locked=&#8221;off&#8221; global_colors_info=&#8221;{}&#8221;][et_pb_column type=&#8221;1_3&#8243; _builder_version=&#8221;4.16&#8243; custom_padding=&#8221;|||&#8221; global_colors_info=&#8221;{}&#8221; custom_padding__hover=&#8221;|||&#8221;][et_pb_image src=&#8221;https:\/\/asociatiamanna.ro\/wp-content\/uploads\/2025\/02\/ScoalaNaomi11.jpeg&#8221; title_text=&#8221;ScoalaNaomi11&#8243; show_in_lightbox=&#8221;on&#8221; use_overlay=&#8221;on&#8221; overlay_icon_color=&#8221;rgba(0,0,0,0)&#8221; hover_overlay_color=&#8221;rgba(255,255,255,0.1)&#8221; align_tablet=&#8221;center&#8221; align_phone=&#8221;&#8221; align_last_edited=&#8221;on|desktop&#8221; _builder_version=&#8221;4.27.4&#8243; global_colors_info=&#8221;{}&#8221;][\/et_pb_image][et_pb_image src=&#8221;https:\/\/asociatiamanna.ro\/wp-content\/uploads\/2025\/02\/ScoalaNaomi10.jpeg&#8221; title_text=&#8221;ScoalaNaomi10&#8243; show_in_lightbox=&#8221;on&#8221; use_overlay=&#8221;on&#8221; overlay_icon_color=&#8221;rgba(0,0,0,0)&#8221; hover_overlay_color=&#8221;rgba(255,255,255,0.1)&#8221; align_tablet=&#8221;center&#8221; align_phone=&#8221;&#8221; align_last_edited=&#8221;on|desktop&#8221; _builder_version=&#8221;4.27.4&#8243; custom_padding=&#8221;17px||&#8221; custom_padding_tablet=&#8221;0px||&#8221; custom_padding_phone=&#8221;0px||&#8221; custom_padding_last_edited=&#8221;on|desktop&#8221; global_colors_info=&#8221;{}&#8221;][\/et_pb_image][et_pb_image src=&#8221;https:\/\/asociatiamanna.ro\/wp-content\/uploads\/2025\/02\/ScoalaNaomi16.jpeg&#8221; title_text=&#8221;ScoalaNaomi16&#8243; show_in_lightbox=&#8221;on&#8221; use_overlay=&#8221;on&#8221; overlay_icon_color=&#8221;rgba(0,0,0,0)&#8221; hover_overlay_color=&#8221;rgba(255,255,255,0.1)&#8221; align_tablet=&#8221;center&#8221; align_phone=&#8221;&#8221; align_last_edited=&#8221;on|desktop&#8221; _builder_version=&#8221;4.27.4&#8243; global_colors_info=&#8221;{}&#8221;][\/et_pb_image][\/et_pb_column][et_pb_column type=&#8221;1_3&#8243; _builder_version=&#8221;4.16&#8243; custom_padding=&#8221;|||&#8221; global_colors_info=&#8221;{}&#8221; custom_padding__hover=&#8221;|||&#8221;][et_pb_image src=&#8221;https:\/\/asociatiamanna.ro\/wp-content\/uploads\/2025\/02\/ScoalaNaomi5.jpeg&#8221; title_text=&#8221;ScoalaNaomi5&#8243; show_in_lightbox=&#8221;on&#8221; use_overlay=&#8221;on&#8221; overlay_icon_color=&#8221;rgba(0,0,0,0)&#8221; hover_overlay_color=&#8221;rgba(255,255,255,0.1)&#8221; align_tablet=&#8221;center&#8221; align_phone=&#8221;&#8221; align_last_edited=&#8221;on|desktop&#8221; _builder_version=&#8221;4.27.4&#8243; global_colors_info=&#8221;{}&#8221;][\/et_pb_image][et_pb_image src=&#8221;https:\/\/asociatiamanna.ro\/wp-content\/uploads\/2025\/02\/ScoalaNaomi13.jpeg&#8221; title_text=&#8221;ScoalaNaomi13&#8243; show_in_lightbox=&#8221;on&#8221; use_overlay=&#8221;on&#8221; overlay_icon_color=&#8221;rgba(0,0,0,0)&#8221; hover_overlay_color=&#8221;rgba(255,255,255,0.1)&#8221; align_tablet=&#8221;center&#8221; align_phone=&#8221;&#8221; align_last_edited=&#8221;on|desktop&#8221; _builder_version=&#8221;4.27.4&#8243; custom_padding=&#8221;17px||&#8221; custom_padding_tablet=&#8221;0px||&#8221; custom_padding_phone=&#8221;0px||&#8221; custom_padding_last_edited=&#8221;on|desktop&#8221; global_colors_info=&#8221;{}&#8221;][\/et_pb_image][et_pb_image src=&#8221;https:\/\/asociatiamanna.ro\/wp-content\/uploads\/2025\/02\/ScoalaNaomi9.jpeg&#8221; title_text=&#8221;ScoalaNaomi9&#8243; show_in_lightbox=&#8221;on&#8221; use_overlay=&#8221;on&#8221; overlay_icon_color=&#8221;rgba(0,0,0,0)&#8221; hover_overlay_color=&#8221;rgba(255,255,255,0.1)&#8221; align_tablet=&#8221;center&#8221; align_phone=&#8221;&#8221; align_last_edited=&#8221;on|desktop&#8221; _builder_version=&#8221;4.27.4&#8243; custom_padding=&#8221;14px||&#8221; custom_padding_tablet=&#8221;0px||&#8221; custom_padding_phone=&#8221;0px||&#8221; custom_padding_last_edited=&#8221;on|desktop&#8221; global_colors_info=&#8221;{}&#8221;][\/et_pb_image][et_pb_image src=&#8221;https:\/\/asociatiamanna.ro\/wp-content\/uploads\/2025\/02\/ScoalaNaomi8.jpeg&#8221; title_text=&#8221;ScoalaNaomi8&#8243; show_in_lightbox=&#8221;on&#8221; use_overlay=&#8221;on&#8221; overlay_icon_color=&#8221;rgba(0,0,0,0)&#8221; hover_overlay_color=&#8221;rgba(255,255,255,0.1)&#8221; align_tablet=&#8221;center&#8221; align_phone=&#8221;&#8221; align_last_edited=&#8221;on|desktop&#8221; _builder_version=&#8221;4.27.4&#8243; custom_padding=&#8221;17px||&#8221; custom_padding_tablet=&#8221;0px||&#8221; custom_padding_phone=&#8221;0px||&#8221; custom_padding_last_edited=&#8221;on|desktop&#8221; global_colors_info=&#8221;{}&#8221;][\/et_pb_image][\/et_pb_column][et_pb_column type=&#8221;1_3&#8243; _builder_version=&#8221;4.27.4&#8243; _module_preset=&#8221;default&#8221; global_colors_info=&#8221;{}&#8221;][et_pb_image src=&#8221;https:\/\/asociatiamanna.ro\/wp-content\/uploads\/2025\/02\/ScoalaNaomi15.jpeg&#8221; title_text=&#8221;ScoalaNaomi15&#8243; show_in_lightbox=&#8221;on&#8221; use_overlay=&#8221;on&#8221; overlay_icon_color=&#8221;rgba(0,0,0,0)&#8221; hover_overlay_color=&#8221;rgba(255,255,255,0.1)&#8221; align_tablet=&#8221;center&#8221; align_phone=&#8221;&#8221; align_last_edited=&#8221;on|desktop&#8221; _builder_version=&#8221;4.27.4&#8243; custom_padding=&#8221;17px||&#8221; custom_padding_tablet=&#8221;0px||&#8221; custom_padding_phone=&#8221;0px||&#8221; custom_padding_last_edited=&#8221;on|desktop&#8221; global_colors_info=&#8221;{}&#8221;][\/et_pb_image][et_pb_image src=&#8221;https:\/\/asociatiamanna.ro\/wp-content\/uploads\/2025\/02\/ScoalaNaomi7.jpeg&#8221; title_text=&#8221;ScoalaNaomi7&#8243; show_in_lightbox=&#8221;on&#8221; use_overlay=&#8221;on&#8221; overlay_icon_color=&#8221;rgba(0,0,0,0)&#8221; hover_overlay_color=&#8221;rgba(255,255,255,0.1)&#8221; align_tablet=&#8221;center&#8221; align_phone=&#8221;&#8221; align_last_edited=&#8221;on|desktop&#8221; _builder_version=&#8221;4.27.4&#8243; global_colors_info=&#8221;{}&#8221;][\/et_pb_image][et_pb_image src=&#8221;https:\/\/asociatiamanna.ro\/wp-content\/uploads\/2025\/02\/ScoalaNaomi12.jpeg&#8221; title_text=&#8221;ScoalaNaomi12&#8243; show_in_lightbox=&#8221;on&#8221; use_overlay=&#8221;on&#8221; overlay_icon_color=&#8221;rgba(0,0,0,0)&#8221; hover_overlay_color=&#8221;rgba(255,255,255,0.1)&#8221; align_tablet=&#8221;center&#8221; align_phone=&#8221;&#8221; align_last_edited=&#8221;on|desktop&#8221; _builder_version=&#8221;4.27.4&#8243; custom_padding=&#8221;17px||&#8221; custom_padding_tablet=&#8221;0px||&#8221; custom_padding_phone=&#8221;0px||&#8221; custom_padding_last_edited=&#8221;on|desktop&#8221; global_colors_info=&#8221;{}&#8221;][\/et_pb_image][\/et_pb_column][\/et_pb_row][\/et_pb_section][et_pb_section fb_built=&#8221;1&#8243; custom_padding_last_edited=&#8221;on|phone&#8221; _builder_version=&#8221;4.21.0&#8243; _module_preset=&#8221;default&#8221; background_color=&#8221;#1e1e22&#8243; background_image=&#8221;https:\/\/asociatiamanna.ro\/wp-content\/uploads\/2025\/01\/agency-59-bpt-19.png&#8221; background_size=&#8221;custom&#8221; background_image_width=&#8221;577px&#8221; background_position=&#8221;bottom_left&#8221; overflow-x=&#8221;hidden&#8221; overflow-y=&#8221;hidden&#8221; custom_margin=&#8221;0px||0px||false|false&#8221; custom_padding=&#8221;125px||130px||false|false&#8221; custom_padding_tablet=&#8221;130px||130px||false|false&#8221; custom_padding_phone=&#8221;90px||90px||false|false&#8221; background_last_edited=&#8221;on|tablet&#8221; background_enable_image_tablet=&#8221;off&#8221; custom_css_before=&#8221;position: absolute;||    width: 450px;||    height: 450px;||    content: &#8221;;||    border-radius: 50%;||    background: #fc653c;||\t\tleft: -10%;||    top: 20%;||    -webkit-filter: blur(350px);||    filter: blur(350px);&#8221; custom_css_after=&#8221;position: absolute;||    width: 390px;||    height: 390px;||    content: &#8221;;||    border-radius: 50%;||    background: #fc653c;||    right: -8%;||    top: -15%;||    -webkit-filter: blur(110px);||    filter: blur(110px);&#8221; global_colors_info=&#8221;{}&#8221; custom_css_after_last_edited=&#8221;on|tablet&#8221; custom_css_after_tablet=&#8221;display:none;&#8221; custom_css_after_phone=&#8221;display:none;&#8221;][et_pb_row _builder_version=&#8221;4.21.0&#8243; _module_preset=&#8221;default&#8221; width=&#8221;90%&#8221; max_width=&#8221;1290px&#8221; custom_margin=&#8221;0px||50px||false|false&#8221; custom_padding=&#8221;0px||0px||false|false&#8221; animation_style=&#8221;slide&#8221; animation_direction=&#8221;bottom&#8221; animation_intensity_slide=&#8221;12%&#8221; animation_speed_curve=&#8221;ease&#8221; global_colors_info=&#8221;{}&#8221;][et_pb_column type=&#8221;4_4&#8243; _builder_version=&#8221;4.21.0&#8243; _module_preset=&#8221;default&#8221; global_colors_info=&#8221;{}&#8221;][et_pb_text _builder_version=&#8221;4.27.4&#8243; _module_preset=&#8221;default&#8221; header_2_font=&#8221;Gideon Roman|700|||||||&#8221; header_2_text_align=&#8221;center&#8221; header_2_text_color=&#8221;#578e87&#8243; header_2_font_size=&#8221;40px&#8221; header_2_letter_spacing=&#8221;2px&#8221; header_2_line_height=&#8221;1.4em&#8221; header_4_font=&#8221;Jost||||on||||&#8221; header_4_text_align=&#8221;center&#8221; header_4_text_color=&#8221;#fc653c&#8221; header_4_font_size=&#8221;19px&#8221; header_4_line_height=&#8221;1.2em&#8221; custom_margin=&#8221;0px||4px||false|false&#8221; custom_padding=&#8221;0px||0px||false|false&#8221; global_colors_info=&#8221;{}&#8221;]<\/p>\n<h2>DONEAZ\u0102<\/h2>\n<p>[\/et_pb_text][et_pb_image src=&#8221;https:\/\/asociatiamanna.ro\/wp-content\/uploads\/2025\/01\/agency-59-bpt-5.png&#8221; align=&#8221;right&#8221; disabled_on=&#8221;on|on|off&#8221; _builder_version=&#8221;4.27.4&#8243; _module_preset=&#8221;default&#8221; positioning=&#8221;absolute&#8221; position_origin_a=&#8221;top_right&#8221; vertical_offset=&#8221;35px&#8221; horizontal_offset=&#8221;-127px&#8221; max_width=&#8221;156px&#8221; custom_margin=&#8221;0px||0px||false|false&#8221; custom_padding=&#8221;0px||0px||false|false&#8221; global_colors_info=&#8221;{}&#8221;][\/et_pb_image][\/et_pb_column][\/et_pb_row][et_pb_row use_custom_gutter=&#8221;on&#8221; gutter_width=&#8221;2&#8243; make_equal=&#8221;on&#8221; _builder_version=&#8221;4.27.4&#8243; _module_preset=&#8221;default&#8221; width=&#8221;90%&#8221; max_width=&#8221;1290px&#8221; max_width_tablet=&#8221;1290px&#8221; max_width_phone=&#8221;1290px&#8221; max_width_last_edited=&#8221;off|desktop&#8221; custom_margin=&#8221;0px||0px||false|false&#8221; custom_padding=&#8221;0px||0px||false|false&#8221; global_colors_info=&#8221;{}&#8221;][et_pb_column type=&#8221;4_4&#8243; _builder_version=&#8221;4.27.4&#8243; _module_preset=&#8221;default&#8221; background_color=&#8221;#FFFFFF&#8221; custom_padding=&#8221;38px|30px|55px|30px|false|false&#8221; animation_style=&#8221;slide&#8221; animation_direction=&#8221;bottom&#8221; animation_intensity_slide=&#8221;4%&#8221; animation_speed_curve=&#8221;ease&#8221; link_option_url=&#8221;#&#8221; border_radii=&#8221;on|7px|7px|7px|7px&#8221; global_colors_info=&#8221;{}&#8221;][et_pb_text _builder_version=&#8221;4.27.4&#8243; _module_preset=&#8221;default&#8221; header_3_font=&#8221;Gideon Roman|600|||||||&#8221; header_3_text_align=&#8221;center&#8221; header_3_text_color=&#8221;#08392b&#8221; header_3_font_size=&#8221;18px&#8221; header_3_line_height=&#8221;1.4em&#8221; custom_margin=&#8221;0px||10px||false|false&#8221; custom_padding=&#8221;0px||0px||false|false&#8221; global_colors_info=&#8221;{}&#8221;]<\/p>\n<h3>\u201eCel ce d\u0103 s\u0103m\u00e2n\u021b\u0103 sem\u0103n\u0103torului \u0219i p\u00e2ine pentru hran\u0103\u201d v\u0103 va da \u0219i v\u0103 va \u00eenmul\u021bi \u0219i vou\u0103 s\u0103m\u00e2n\u021ba de sem\u0103nat \u0219i va face s\u0103 creasc\u0103 roadele neprih\u0103nirii voastre. \u00cen chipul acesta ve\u021bi fi \u00eembog\u0103\u021bi\u021bi \u00een toate privin\u021bele, pentru orice d\u0103rnicie, care, prin noi, va face s\u0103 se aduc\u0103 mul\u021bumiri lui Dumnezeu.&#8221;<br \/>2 Corinteni\u00a09:10-11<\/h3>\n<p>[\/et_pb_text][et_pb_image src=&#8221;https:\/\/asociatiamanna.ro\/wp-content\/uploads\/2025\/01\/agency-59-bpt-29.png&#8221; url=&#8221;\/doneaza\/&#8221; align=&#8221;center&#8221; _builder_version=&#8221;4.27.4&#8243; _module_preset=&#8221;default&#8221; height=&#8221;31px&#8221; custom_margin=&#8221;0px||0px||false|false&#8221; custom_padding=&#8221;0px||0px||false|false&#8221; global_colors_info=&#8221;{}&#8221;][\/et_pb_image][\/et_pb_column][\/et_pb_row][\/et_pb_section]<\/p>\n","protected":false},"excerpt":{"rendered":"<p>\u0218COALA NAOMI A Doua LucrareSe adreseaz\u0103 tuturor femeilor, indiferent de statutul social, de v\u00e2rst\u0103 sau religie. Dac\u0103 e\u0219ti domni\u0219oar\u0103, so\u021bie, mam\u0103 sau bunic\u0103 \u0219i te preocup\u0103 dorin\u021ba de a-L sluji eficient pe Dumnezeu \u00een casa ta, conform versetului : \u201cFemeia \u00een\u021belept\u0103 \u00ee\u0219i zide\u0219te casa, dar nechibzuita, o d\u0103r\u00e2m\u0103 cu m\u00e2inile ei.\u201d (Proverbe 14:1 BTF2015) &#8211; \u201e\u0218coala Naomi\u201d este locul unde te po\u021bi \u00eent\u00e2lni cu visul lui Dumnezeu pentru tine, \u0219i anume: acela de a fi inima casei tale.\u0218COALA NAOMI Dumnezeu se va \u00eent\u00e2lni cu tine \u00een Cuv\u00e2nt, indiferent dac\u0103 mintea ta va pricepe sau nu Adev\u0103rul ve\u0219nic cuprins\u00a0\u00een\u00a0Cuv\u00e2nt.VIZIUNEA O genera\u021bie de femei con\u0219tiente c\u0103 rolul de &#8221; inim\u0103 a casei&#8221; poate schimba lumea, atunci c\u00e2nd ele sunt conectate la Dumnezeu ca surs\u0103 \u0219i resurs\u0103.MISIUNEA Echiparea femeilor prin crearea unui context \u00een care s\u0103 fie puse fa\u021b\u0103 \u00een fa\u021b\u0103 cu studierea Cuv\u00e2ntului lui Dumnezeu, cu sesiuni practice \u0219i consiliere cre\u0219tin\u0103.STRATEGIA Programul \u201c\u0218colii Naomi\u201d se structureaz\u0103 pe 6 module cu \u00eent\u00e2lniri fizice bianuale, prim\u0103vara \u0219i toamna a c\u00e2te 4 zile fiecare, abord\u00e2nd trei teme majore de \u00eenv\u0103\u021b\u0103tur\u0103 care sunt \u0219i pilonii \u0219colii, fiecare tem\u0103 fiind sudiat\u0103 progresiv \u00een dou\u0103 module diferite: 1. Femeia creat\u0103 de Dumnezeu cu o menire special\u0103 &#8211; menirea [&hellip;]<\/p>\n","protected":false},"author":1,"featured_media":0,"parent":0,"menu_order":0,"comment_status":"closed","ping_status":"closed","template":"","meta":{"_et_pb_use_builder":"on","_et_pb_old_content":"","_et_gb_content_width":"","footnotes":""},"class_list":["post-71417","page","type-page","status-publish","hentry"],"_links":{"self":[{"href":"https:\/\/asociatiamanna.ro\/en\/wp-json\/wp\/v2\/pages\/71417","targetHints":{"allow":["GET"]}}],"collection":[{"href":"https:\/\/asociatiamanna.ro\/en\/wp-json\/wp\/v2\/pages"}],"about":[{"href":"https:\/\/asociatiamanna.ro\/en\/wp-json\/wp\/v2\/types\/page"}],"author":[{"embeddable":true,"href":"https:\/\/asociatiamanna.ro\/en\/wp-json\/wp\/v2\/users\/1"}],"replies":[{"embeddable":true,"href":"https:\/\/asociatiamanna.ro\/en\/wp-json\/wp\/v2\/comments?post=71417"}],"version-history":[{"count":20,"href":"https:\/\/asociatiamanna.ro\/en\/wp-json\/wp\/v2\/pages\/71417\/revisions"}],"predecessor-version":[{"id":230159,"href":"https:\/\/asociatiamanna.ro\/en\/wp-json\/wp\/v2\/pages\/71417\/revisions\/230159"}],"wp:attachment":[{"href":"https:\/\/asociatiamanna.ro\/en\/wp-json\/wp\/v2\/media?parent=71417"}],"curies":[{"name":"wp","href":"https:\/\/api.w.org\/{rel}","templated":true}]}}