{"id":71479,"date":"2025-02-09T17:51:19","date_gmt":"2025-02-09T17:51:19","guid":{"rendered":"https:\/\/asociatiamanna.ro\/?page_id=71479"},"modified":"2025-02-19T12:28:33","modified_gmt":"2025-02-19T12:28:33","slug":"vorbeste-i-inimii-despre-facatorul-ei","status":"publish","type":"page","link":"https:\/\/asociatiamanna.ro\/en\/vorbeste-i-inimii-despre-facatorul-ei\/","title":{"rendered":"Speak To Her Heart About Her Maker"},"content":{"rendered":"<p>[et_pb_section fb_built=&#8221;1&#8243; _builder_version=&#8221;4.27.4&#8243; background_color=&#8221;#297FCA&#8221; background_image=&#8221;https:\/\/asociatiamanna.ro\/wp-content\/uploads\/2025\/02\/Rising-Banners-Joy-16&#215;9-1.jpg&#8221; min_height=&#8221;138.6px&#8221; custom_margin=&#8221;||0px||false|false&#8221; custom_padding=&#8221;2px||0px|||&#8221; saved_tabs=&#8221;all&#8221; global_colors_info=&#8221;{}&#8221;][et_pb_row _builder_version=&#8221;4.27.4&#8243; custom_margin=&#8221;10px|auto||auto|false|false&#8221; global_colors_info=&#8221;{}&#8221;][et_pb_column type=&#8221;4_4&#8243; _builder_version=&#8221;4.27.4&#8243; custom_padding=&#8221;|||&#8221; global_colors_info=&#8221;{}&#8221; custom_padding__hover=&#8221;|||&#8221;][et_pb_post_title meta=&#8221;off&#8221; featured_image=&#8221;off&#8221; _builder_version=&#8221;4.27.4&#8243; title_font=&#8221;Marcellus||||||||&#8221; title_text_align=&#8221;left&#8221; title_text_color=&#8221;#ffffff&#8221; title_font_size=&#8221;27px&#8221; custom_margin=&#8221;10px||||false|false&#8221; global_colors_info=&#8221;{}&#8221;][\/et_pb_post_title][\/et_pb_column][\/et_pb_row][\/et_pb_section][et_pb_section fb_built=&#8221;1&#8243; _builder_version=&#8221;4.27.4&#8243; background_color=&#8221;#FFFFFF&#8221; custom_padding=&#8221;80px||80px||true|false&#8221; global_colors_info=&#8221;{}&#8221;][et_pb_row use_custom_gutter=&#8221;on&#8221; gutter_width=&#8221;2&#8243; make_equal=&#8221;on&#8221; _builder_version=&#8221;4.16&#8243; global_colors_info=&#8221;{}&#8221;][et_pb_column type=&#8221;4_4&#8243; _builder_version=&#8221;4.16&#8243; global_colors_info=&#8221;{}&#8221;][et_pb_text _builder_version=&#8221;4.27.4&#8243; text_font=&#8221;Nunito Sans||||||||&#8221; text_text_color=&#8221;#5499D4&#8243; header_font=&#8221;Gideon Roman|700||on|||||&#8221; header_text_color=&#8221;#578e87&#8243; header_letter_spacing=&#8221;1px&#8221; header_line_height=&#8221;1.4em&#8221; max_width=&#8221;1070px&#8221; custom_margin=&#8221;-9px|-14px||||&#8221; custom_margin_tablet=&#8221;-25px||&#8221; custom_margin_phone=&#8221;-22px||&#8221; custom_margin_last_edited=&#8221;on|desktop&#8221; custom_padding=&#8221;|0px||||&#8221; header_font_size_tablet=&#8221;&#8221; header_font_size_phone=&#8221;25px&#8221; header_font_size_last_edited=&#8221;on|phone&#8221; global_colors_info=&#8221;{}&#8221;]<\/p>\n<h1 style=\"text-align: center;\">\u201eVorbe\u0219te-i inimii despre F\u0103c\u0103torul ei\u201d<\/h1>\n<p>[\/et_pb_text][et_pb_text _builder_version=&#8221;4.27.4&#8243; text_font=&#8221;Nunito Sans||||||||&#8221; text_text_color=&#8221;#5499D4&#8243; header_font=&#8221;Poppins|600||on|||||&#8221; header_text_color=&#8221;#ffffff&#8221; header_font_size=&#8221;14px&#8221; header_letter_spacing=&#8221;2px&#8221; header_line_height=&#8221;1.3em&#8221; header_2_font=&#8221;&#8211;et_global_body_font||||||||&#8221; header_2_text_color=&#8221;#666666&#8243; header_2_font_size=&#8221;18px&#8221; header_2_letter_spacing=&#8221;1px&#8221; header_2_line_height=&#8221;1.4em&#8221; header_font_size_tablet=&#8221;&#8221; header_font_size_phone=&#8221;14px&#8221; header_font_size_last_edited=&#8221;on|phone&#8221; global_colors_info=&#8221;{}&#8221;]<\/p>\n<h2 style=\"text-align: center;\">Debutul proiectului 1 noiembrie 2024<\/h2>\n<p>[\/et_pb_text][et_pb_text _builder_version=&#8221;4.27.4&#8243; _module_preset=&#8221;default&#8221; text_font=&#8221;DM Sans||||||||&#8221; text_line_height=&#8221;1.4em&#8221; header_2_font=&#8221;Jost|600|||||||&#8221; header_2_text_align=&#8221;center&#8221; header_2_text_color=&#8221;#293043&#8243; header_2_font_size=&#8221;47px&#8221; header_2_letter_spacing=&#8221;-1px&#8221; header_2_line_height=&#8221;1.2em&#8221; text_orientation=&#8221;center&#8221; custom_margin=&#8221;0px||0px||false|false&#8221; custom_padding=&#8221;30px||0px||false|false&#8221; header_2_font_size_tablet=&#8221;47px&#8221; header_2_font_size_phone=&#8221;30px&#8221; header_2_font_size_last_edited=&#8221;on|phone&#8221; global_colors_info=&#8221;{}&#8221;]<\/p>\n<p>Evanghelizarea stradal\u0103 este o modalitate puternic\u0103 de a \u00eemp\u0103rt\u0103\u0219i vestea bun\u0103 a lui Isus Hristos. Implicarea femeilor \u00een aceast\u0103 activitate aduce o perspectiv\u0103 unic\u0103 \u0219i o sensibilitate deosebit\u0103.\u00a0 Vrem s\u0103 ne adres\u0103m femeilor de toate v\u00e2rstele, \u00eentr-o manier\u0103 prietenoas\u0103, care s\u0103 ne ofere posibilitatea de a vorbi despre Dumnezeu, despre dorin\u021ba Lui de a se apleca spre fiecare dintre noi, pentru a-i oferi suport \u0219i mai ales m\u00e2ntuire.<\/p>\n<p><strong>Strategie de slujire: <\/strong><\/p>\n<p>Datorit\u0103 faptului c\u0103 noi, ca \u0219i echip\u0103, locuim \u00een diferite col\u021buri ale \u021b\u0103rii, vrem s\u0103 dezvolt\u0103m o echip\u0103 local\u0103 format\u0103 din femei din proximitatea noastr\u0103, din biserica local\u0103 \u0219i \u00eempreun\u0103 s\u0103 putem duce Vestea Bun\u0103 la c\u00e2t mai multe femei. Vom oferi cadou: Biblia, Noul Testament, c\u0103r\u021bi de literatur\u0103 cre\u0219tin\u0103 specifice categoriilor de femei cu care interac\u021bion\u0103m, semne de carte, invita\u021bii la evenimente cre\u0219tine.<\/p>\n<p>[\/et_pb_text][\/et_pb_column][\/et_pb_row][\/et_pb_section][et_pb_section fb_built=&#8221;1&#8243; admin_label=&#8221;f&#8221; _builder_version=&#8221;4.27.4&#8243; background_color=&#8221;#f7f9fd&#8221; background_repeat=&#8221;repeat&#8221; custom_padding=&#8221;80px|0px|80px|0px|true|false&#8221; hover_enabled=&#8221;0&#8243; global_colors_info=&#8221;{}&#8221; custom_padding_last_edited=&#8221;on|phone&#8221; sticky_enabled=&#8221;0&#8243; custom_padding_tablet=&#8221;60px||60px||true|false&#8221; custom_padding_phone=&#8221;60px||60px||true|false&#8221;][et_pb_row _builder_version=&#8221;4.27.4&#8243; background_color=&#8221;#ffffff&#8221; custom_margin=&#8221;|||&#8221; custom_padding=&#8221;3%|4%|3%|4%|true|true&#8221; border_radii=&#8221;on|12px|12px|12px|12px&#8221; global_colors_info=&#8221;{}&#8221;][et_pb_column type=&#8221;4_4&#8243; _builder_version=&#8221;4.16&#8243; custom_padding=&#8221;|||&#8221; global_colors_info=&#8221;{}&#8221; custom_padding__hover=&#8221;|||&#8221;][et_pb_toggle title=&#8221;De ce consider\u0103m c\u0103 este important\u0103 implicarea femeilor \u00een evanghelizarea stradal\u0103?&#8221; open=&#8221;on&#8221; open_toggle_text_color=&#8221;#578e87&#8243; open_toggle_background_color=&#8221;rgba(0,0,0,0)&#8221; closed_toggle_text_color=&#8221;#666666&#8243; closed_toggle_background_color=&#8221;rgba(0,0,0,0)&#8221; icon_color=&#8221;#494949&#8243; open_icon_color=&#8221;#494949&#8243; _builder_version=&#8221;4.27.4&#8243; title_text_color=&#8221;#08392b&#8221; title_font=&#8221;Gideon Roman|700|||||||&#8221; title_font_size=&#8221;18px&#8221; title_line_height=&#8221;1.6em&#8221; closed_title_font=&#8221;Gideon Roman|700|||||||&#8221; closed_title_line_height=&#8221;1.6em&#8221; body_font=&#8221;&#8211;et_global_body_font|300|||||||&#8221; body_text_color=&#8221;#666666&#8243; body_line_height=&#8221;1.4em&#8221; custom_padding=&#8221;|0px||0px||true&#8221; border_width_all=&#8221;0px&#8221; border_color_all=&#8221;rgba(51,51,51,0.06)&#8221; border_width_bottom=&#8221;1px&#8221; border_color_bottom=&#8221;#e2e2e2&#8243; global_colors_info=&#8221;{}&#8221;]<\/p>\n<ul>\n<li><strong>Conexiune emo\u021bional\u0103:<\/strong> Femeile adesea creeaz\u0103 conexiuni mai profunde cu alte femei, oferind un spa\u021biu sigur pentru discu\u021bii sincere \u0219i \u00eemp\u0103rt\u0103\u0219irea experien\u021belor.<\/li>\n<li><strong>Compasiune \u0219i \u00een\u021belegere:<\/strong> Femeile pot oferi un um\u0103r pe care s\u0103 pl\u00e2ng\u0103 \u0219i o ureche atent\u0103 pentru cele care trec prin momente dificile.<\/li>\n<li><strong>Modele de urmat:<\/strong> Femeile cre\u0219tine pot fi modele puternice pentru alte femei, ar\u0103t\u00e2nd cum credin\u021ba le-a transformat via\u021ba.<\/li>\n<li><strong>Diversitate \u00een mesaj:<\/strong> Femeile pot aduce perspective diferite \u00een \u00eemp\u0103rt\u0103\u0219irea Evangheliei, adapt\u00e2nd mesajul la nevoile specifice ale altor femei.<\/li>\n<\/ul>\n<p>[\/et_pb_toggle][et_pb_toggle title=&#8221;Cum pot femeile s\u0103 se implice \u00een evanghelizarea stradal\u0103?&#8221; open=&#8221;on&#8221; open_toggle_text_color=&#8221;#578e87&#8243; open_toggle_background_color=&#8221;rgba(0,0,0,0)&#8221; closed_toggle_text_color=&#8221;#666666&#8243; closed_toggle_background_color=&#8221;rgba(0,0,0,0)&#8221; icon_color=&#8221;#494949&#8243; open_icon_color=&#8221;#494949&#8243; _builder_version=&#8221;4.27.4&#8243; title_text_color=&#8221;#08392b&#8221; title_font=&#8221;Gideon Roman|700|||||||&#8221; title_font_size=&#8221;18px&#8221; title_line_height=&#8221;1.6em&#8221; closed_title_font=&#8221;Gideon Roman|700|||||||&#8221; closed_title_line_height=&#8221;1.6em&#8221; body_font=&#8221;&#8211;et_global_body_font|300|||||||&#8221; body_text_color=&#8221;#666666&#8243; body_line_height=&#8221;1.4em&#8221; custom_padding=&#8221;|0px||0px||true&#8221; border_width_all=&#8221;0px&#8221; border_color_all=&#8221;rgba(51,51,51,0.06)&#8221; border_width_bottom=&#8221;1px&#8221; border_color_bottom=&#8221;#e2e2e2&#8243; global_colors_info=&#8221;{}&#8221;]<\/p>\n<ul>\n<li><strong>Rug\u0103ciune:<\/strong> \u00cenainte de a ie\u0219i \u00een strad\u0103, roag\u0103-te pentru \u00eendrumare, \u00een\u021belepciune. Dumnezeu s\u0103 deschid\u0103 inimi.<\/li>\n<li><strong>Preg\u0103tire:<\/strong> Informeaz\u0103-te despre subiecte precum: Evanghelia, r\u0103spunsuri la \u00eentreb\u0103ri comune \u0219i cum s\u0103 ini\u021biezi o conversa\u021bie despre credin\u021b\u0103.<\/li>\n<li><strong>Parteneriat:<\/strong> Al\u0103tur\u0103-te unei echipe de evanghelizare sau invit\u0103 alte femei s\u0103 \u021bi se al\u0103ture.<\/li>\n<li><strong>Atitudine pozitiv\u0103:<\/strong> Abordeaz\u0103 oamenii cu un z\u00e2mbet \u0219i o atitudine prietenoas\u0103, cre\u00e2nd astfel un mediu deschis pentru discu\u021bii.<\/li>\n<li><strong>Ascult\u0103:<\/strong> Ofer\u0103 oamenilor spa\u021biu s\u0103-\u0219i exprime sentimentele \u0219i preocup\u0103rile, f\u0103r\u0103 s\u0103-i judeci.<\/li>\n<li><strong>\u00cemp\u0103rt\u0103\u0219e\u0219te m\u0103rturia ta:<\/strong> Spune-le cum te-a schimbat \u00eent\u00e2lnirea cu Isus \u0219i cum te-a ajutat \u00een via\u021ba ta.<\/li>\n<li><strong>Ofer\u0103 resurse:<\/strong> Distribuie bro\u0219uri, c\u0103r\u021bi sau invita\u021bii la evenimente biserice\u0219ti.<\/li>\n<li><strong>Construie\u0219te rela\u021bii:<\/strong> Men\u021bine leg\u0103tura cu oamenii pe care i-ai \u00eent\u00e2lnit \u0219i ofer\u0103-le sprijin pe termen lung.<\/li>\n<\/ul>\n<p>[\/et_pb_toggle][et_pb_toggle title=&#8221;De ce s\u0103 te implici \u00een evanghelizarea stradal\u0103?&#8221; open=&#8221;on&#8221; open_toggle_text_color=&#8221;#578e87&#8243; open_toggle_background_color=&#8221;rgba(0,0,0,0)&#8221; closed_toggle_text_color=&#8221;#666666&#8243; closed_toggle_background_color=&#8221;rgba(0,0,0,0)&#8221; icon_color=&#8221;#494949&#8243; open_icon_color=&#8221;#494949&#8243; _builder_version=&#8221;4.27.4&#8243; title_text_color=&#8221;#08392b&#8221; title_font=&#8221;Gideon Roman|700|||||||&#8221; title_font_size=&#8221;18px&#8221; title_line_height=&#8221;1.6em&#8221; closed_title_font=&#8221;Gideon Roman|700|||||||&#8221; closed_title_line_height=&#8221;1.6em&#8221; body_font=&#8221;&#8211;et_global_body_font|300|||||||&#8221; body_text_color=&#8221;#666666&#8243; body_line_height=&#8221;1.4em&#8221; custom_padding=&#8221;|0px||0px||true&#8221; border_width_all=&#8221;0px&#8221; border_color_all=&#8221;rgba(51,51,51,0.06)&#8221; border_width_bottom=&#8221;1px&#8221; border_color_bottom=&#8221;#e2e2e2&#8243; global_colors_info=&#8221;{}&#8221;]<\/p>\n<ul>\n<li><strong>\u00ce\u021bi vei aprofunda credin\u021ba:<\/strong> \u00cemp\u0103rt\u0103\u0219irea credin\u021bei tale te va ajuta s\u0103-\u021bi consolidezi propria credin\u021b\u0103.<\/li>\n<li><strong>Vei face o diferen\u021b\u0103 \u00een via\u021ba altora:<\/strong> Ai putea fi exact persoana de care cineva are nevoie pentru a auzi despre Isus.<\/li>\n<li><strong>Vei experimenta bucuria de a servi pe al\u021bii:<\/strong> A aduce speran\u021b\u0103 \u0219i \u00eencurajare altora este o r\u0103splat\u0103 ve\u0219nic\u0103.<\/li>\n<\/ul>\n<p>[\/et_pb_toggle][\/et_pb_column][\/et_pb_row][\/et_pb_section][et_pb_section fb_built=&#8221;1&#8243; custom_padding_last_edited=&#8221;on|phone&#8221; _builder_version=&#8221;4.21.0&#8243; _module_preset=&#8221;default&#8221; background_color=&#8221;#1e1e22&#8243; background_image=&#8221;https:\/\/asociatiamanna.ro\/wp-content\/uploads\/2025\/01\/agency-59-bpt-19.png&#8221; background_size=&#8221;custom&#8221; background_image_width=&#8221;577px&#8221; background_position=&#8221;bottom_left&#8221; overflow-x=&#8221;hidden&#8221; overflow-y=&#8221;hidden&#8221; custom_margin=&#8221;0px||0px||false|false&#8221; custom_padding=&#8221;125px||130px||false|false&#8221; custom_padding_tablet=&#8221;130px||130px||false|false&#8221; custom_padding_phone=&#8221;90px||90px||false|false&#8221; background_last_edited=&#8221;on|tablet&#8221; background_enable_image_tablet=&#8221;off&#8221; custom_css_before=&#8221;position: absolute;||    width: 450px;||    height: 450px;||    content: &#8221;;||    border-radius: 50%;||    background: #fc653c;||\t\tleft: -10%;||    top: 20%;||    -webkit-filter: blur(350px);||    filter: blur(350px);&#8221; custom_css_after=&#8221;position: absolute;||    width: 390px;||    height: 390px;||    content: &#8221;;||    border-radius: 50%;||    background: #fc653c;||    right: -8%;||    top: -15%;||    -webkit-filter: blur(110px);||    filter: blur(110px);&#8221; global_colors_info=&#8221;{}&#8221; custom_css_after_last_edited=&#8221;on|tablet&#8221; custom_css_after_tablet=&#8221;display:none;&#8221; custom_css_after_phone=&#8221;display:none;&#8221;][et_pb_row _builder_version=&#8221;4.21.0&#8243; _module_preset=&#8221;default&#8221; width=&#8221;90%&#8221; max_width=&#8221;1290px&#8221; custom_margin=&#8221;0px||50px||false|false&#8221; custom_padding=&#8221;0px||0px||false|false&#8221; animation_style=&#8221;slide&#8221; animation_direction=&#8221;bottom&#8221; animation_intensity_slide=&#8221;12%&#8221; animation_speed_curve=&#8221;ease&#8221; global_colors_info=&#8221;{}&#8221;][et_pb_column type=&#8221;4_4&#8243; _builder_version=&#8221;4.21.0&#8243; _module_preset=&#8221;default&#8221; global_colors_info=&#8221;{}&#8221;][et_pb_text _builder_version=&#8221;4.27.4&#8243; _module_preset=&#8221;default&#8221; header_2_font=&#8221;Gideon Roman|700|||||||&#8221; header_2_text_align=&#8221;center&#8221; header_2_text_color=&#8221;#578e87&#8243; header_2_font_size=&#8221;40px&#8221; header_2_letter_spacing=&#8221;2px&#8221; header_2_line_height=&#8221;1.4em&#8221; header_4_font=&#8221;Jost||||on||||&#8221; header_4_text_align=&#8221;center&#8221; header_4_text_color=&#8221;#fc653c&#8221; header_4_font_size=&#8221;19px&#8221; header_4_line_height=&#8221;1.2em&#8221; custom_margin=&#8221;0px||4px||false|false&#8221; custom_padding=&#8221;0px||0px||false|false&#8221; global_colors_info=&#8221;{}&#8221;]<\/p>\n<h2>DONEAZ\u0102<\/h2>\n<p>[\/et_pb_text][et_pb_image src=&#8221;https:\/\/asociatiamanna.ro\/wp-content\/uploads\/2025\/01\/agency-59-bpt-5.png&#8221; align=&#8221;right&#8221; disabled_on=&#8221;on|on|off&#8221; _builder_version=&#8221;4.27.4&#8243; _module_preset=&#8221;default&#8221; positioning=&#8221;absolute&#8221; position_origin_a=&#8221;top_right&#8221; vertical_offset=&#8221;35px&#8221; horizontal_offset=&#8221;-127px&#8221; max_width=&#8221;156px&#8221; custom_margin=&#8221;0px||0px||false|false&#8221; custom_padding=&#8221;0px||0px||false|false&#8221; global_colors_info=&#8221;{}&#8221;][\/et_pb_image][\/et_pb_column][\/et_pb_row][et_pb_row use_custom_gutter=&#8221;on&#8221; gutter_width=&#8221;2&#8243; make_equal=&#8221;on&#8221; _builder_version=&#8221;4.27.4&#8243; _module_preset=&#8221;default&#8221; width=&#8221;90%&#8221; max_width=&#8221;1290px&#8221; max_width_tablet=&#8221;1290px&#8221; max_width_phone=&#8221;1290px&#8221; max_width_last_edited=&#8221;off|desktop&#8221; custom_margin=&#8221;0px||0px||false|false&#8221; custom_padding=&#8221;0px||0px||false|false&#8221; global_colors_info=&#8221;{}&#8221;][et_pb_column type=&#8221;4_4&#8243; _builder_version=&#8221;4.27.4&#8243; _module_preset=&#8221;default&#8221; background_color=&#8221;#FFFFFF&#8221; custom_padding=&#8221;38px|30px|55px|30px|false|false&#8221; animation_style=&#8221;slide&#8221; animation_direction=&#8221;bottom&#8221; animation_intensity_slide=&#8221;4%&#8221; animation_speed_curve=&#8221;ease&#8221; link_option_url=&#8221;#&#8221; border_radii=&#8221;on|7px|7px|7px|7px&#8221; global_colors_info=&#8221;{}&#8221;][et_pb_text _builder_version=&#8221;4.27.4&#8243; _module_preset=&#8221;default&#8221; header_3_font=&#8221;Gideon Roman|600|||||||&#8221; header_3_text_align=&#8221;center&#8221; header_3_text_color=&#8221;#08392b&#8221; header_3_font_size=&#8221;18px&#8221; header_3_line_height=&#8221;1.4em&#8221; custom_margin=&#8221;0px||10px||false|false&#8221; custom_padding=&#8221;0px||0px||false|false&#8221; global_colors_info=&#8221;{}&#8221;]<\/p>\n<h3>\u201eCel ce d\u0103 s\u0103m\u00e2n\u021b\u0103 sem\u0103n\u0103torului \u0219i p\u00e2ine pentru hran\u0103\u201d v\u0103 va da \u0219i v\u0103 va \u00eenmul\u021bi \u0219i vou\u0103 s\u0103m\u00e2n\u021ba de sem\u0103nat \u0219i va face s\u0103 creasc\u0103 roadele neprih\u0103nirii voastre. \u00cen chipul acesta ve\u021bi fi \u00eembog\u0103\u021bi\u021bi \u00een toate privin\u021bele, pentru orice d\u0103rnicie, care, prin noi, va face s\u0103 se aduc\u0103 mul\u021bumiri lui Dumnezeu.&#8221;<br \/>2 Corinteni\u00a09:10-11<\/h3>\n<p>[\/et_pb_text][et_pb_image src=&#8221;https:\/\/asociatiamanna.ro\/wp-content\/uploads\/2025\/01\/agency-59-bpt-29.png&#8221; url=&#8221;\/doneaza\/&#8221; align=&#8221;center&#8221; _builder_version=&#8221;4.27.4&#8243; _module_preset=&#8221;default&#8221; height=&#8221;31px&#8221; custom_margin=&#8221;0px||0px||false|false&#8221; custom_padding=&#8221;0px||0px||false|false&#8221; global_colors_info=&#8221;{}&#8221;][\/et_pb_image][\/et_pb_column][\/et_pb_row][\/et_pb_section]<\/p>\n","protected":false},"excerpt":{"rendered":"<p>\u201eVorbe\u0219te-i inimii despre F\u0103c\u0103torul ei\u201dDebutul proiectului 1 noiembrie 2024Evanghelizarea stradal\u0103 este o modalitate puternic\u0103 de a \u00eemp\u0103rt\u0103\u0219i vestea bun\u0103 a lui Isus Hristos. Implicarea femeilor \u00een aceast\u0103 activitate aduce o perspectiv\u0103 unic\u0103 \u0219i o sensibilitate deosebit\u0103.\u00a0 Vrem s\u0103 ne adres\u0103m femeilor de toate v\u00e2rstele, \u00eentr-o manier\u0103 prietenoas\u0103, care s\u0103 ne ofere posibilitatea de a vorbi despre Dumnezeu, despre dorin\u021ba Lui de a se apleca spre fiecare dintre noi, pentru a-i oferi suport \u0219i mai ales m\u00e2ntuire. Strategie de slujire: Datorit\u0103 faptului c\u0103 noi, ca \u0219i echip\u0103, locuim \u00een diferite col\u021buri ale \u021b\u0103rii, vrem s\u0103 dezvolt\u0103m o echip\u0103 local\u0103 format\u0103 din femei din proximitatea noastr\u0103, din biserica local\u0103 \u0219i \u00eempreun\u0103 s\u0103 putem duce Vestea Bun\u0103 la c\u00e2t mai multe femei. Vom oferi cadou: Biblia, Noul Testament, c\u0103r\u021bi de literatur\u0103 cre\u0219tin\u0103 specifice categoriilor de femei cu care interac\u021bion\u0103m, semne de carte, invita\u021bii la evenimente cre\u0219tine. Conexiune emo\u021bional\u0103: Femeile adesea creeaz\u0103 conexiuni mai profunde cu alte femei, oferind un spa\u021biu sigur pentru discu\u021bii sincere \u0219i \u00eemp\u0103rt\u0103\u0219irea experien\u021belor. Compasiune \u0219i \u00een\u021belegere: Femeile pot oferi un um\u0103r pe care s\u0103 pl\u00e2ng\u0103 \u0219i o ureche atent\u0103 pentru cele care trec prin momente dificile. Modele de urmat: Femeile cre\u0219tine pot fi modele puternice pentru alte femei, ar\u0103t\u00e2nd [&hellip;]<\/p>\n","protected":false},"author":1,"featured_media":0,"parent":0,"menu_order":0,"comment_status":"closed","ping_status":"closed","template":"","meta":{"_et_pb_use_builder":"on","_et_pb_old_content":"","_et_gb_content_width":"","footnotes":""},"class_list":["post-71479","page","type-page","status-publish","hentry"],"_links":{"self":[{"href":"https:\/\/asociatiamanna.ro\/en\/wp-json\/wp\/v2\/pages\/71479","targetHints":{"allow":["GET"]}}],"collection":[{"href":"https:\/\/asociatiamanna.ro\/en\/wp-json\/wp\/v2\/pages"}],"about":[{"href":"https:\/\/asociatiamanna.ro\/en\/wp-json\/wp\/v2\/types\/page"}],"author":[{"embeddable":true,"href":"https:\/\/asociatiamanna.ro\/en\/wp-json\/wp\/v2\/users\/1"}],"replies":[{"embeddable":true,"href":"https:\/\/asociatiamanna.ro\/en\/wp-json\/wp\/v2\/comments?post=71479"}],"version-history":[{"count":5,"href":"https:\/\/asociatiamanna.ro\/en\/wp-json\/wp\/v2\/pages\/71479\/revisions"}],"predecessor-version":[{"id":230202,"href":"https:\/\/asociatiamanna.ro\/en\/wp-json\/wp\/v2\/pages\/71479\/revisions\/230202"}],"wp:attachment":[{"href":"https:\/\/asociatiamanna.ro\/en\/wp-json\/wp\/v2\/media?parent=71479"}],"curies":[{"name":"wp","href":"https:\/\/api.w.org\/{rel}","templated":true}]}}